{"id":2673,"date":"2024-06-06T15:31:26","date_gmt":"2024-06-06T13:31:26","guid":{"rendered":"https:\/\/hospiz-elias.de\/?page_id=2673"},"modified":"2024-11-07T12:49:01","modified_gmt":"2024-11-07T11:49:01","slug":"pflegefachkraft","status":"publish","type":"page","link":"https:\/\/hospiz-elias.de\/tr\/jobs\/pflegefachkraft\/","title":{"rendered":"Pflegefachkraft"},"content":{"rendered":"<p><div class=\"fusion-fullwidth fullwidth-box fusion-builder-row-1 fusion-flex-container has-pattern-background has-mask-background nonhundred-percent-fullwidth non-hundred-percent-height-scrolling\" style=\"--awb-border-radius-top-left:0px;--awb-border-radius-top-right:0px;--awb-border-radius-bottom-right:0px;--awb-border-radius-bottom-left:0px;--awb-padding-top:50px;--awb-padding-bottom:50px;--awb-padding-top-small:30px;--awb-padding-bottom-small:30px;--awb-flex-wrap:wrap;\" ><div class=\"fusion-builder-row fusion-row fusion-flex-align-items-flex-start fusion-flex-justify-content-center fusion-flex-content-wrap\" style=\"max-width:1248px;margin-left: calc(-4% \/ 2 );margin-right: calc(-4% \/ 2 );\"><div class=\"fusion-layout-column fusion_builder_column fusion-builder-column-0 fusion_builder_column_1_1 1_1 fusion-flex-column\" style=\"--awb-bg-size:cover;--awb-width-large:100%;--awb-margin-top-large:0px;--awb-spacing-right-large:1.92%;--awb-margin-bottom-large:0px;--awb-spacing-left-large:1.92%;--awb-width-medium:100%;--awb-order-medium:0;--awb-spacing-right-medium:1.92%;--awb-spacing-left-medium:1.92%;--awb-width-small:100%;--awb-order-small:0;--awb-spacing-right-small:1.92%;--awb-spacing-left-small:1.92%;\"><div class=\"fusion-column-wrapper fusion-column-has-shadow fusion-flex-justify-content-flex-start fusion-content-layout-column\"><div class=\"fusion-title title fusion-title-1 fusion-sep-none fusion-title-text fusion-title-size-three\" style=\"--awb-text-color:var(--awb-color6);--awb-font-size:40px;\"><h3 class=\"fusion-title-heading title-heading-left\" style=\"font-family:&quot;proxima-nova&quot;;font-style:normal;font-weight:700;margin:0;text-transform:uppercase;font-size:1em;\"><a href=\"\/tr\/jobs\">Geri<\/a><\/h3><\/div><\/div><\/div><\/div><\/div><div class=\"fusion-fullwidth fullwidth-box fusion-builder-row-2 fusion-flex-container has-pattern-background has-mask-background nonhundred-percent-fullwidth non-hundred-percent-height-scrolling\" style=\"--awb-border-radius-top-left:0px;--awb-border-radius-top-right:0px;--awb-border-radius-bottom-right:0px;--awb-border-radius-bottom-left:0px;--awb-padding-right-small:0px;--awb-padding-left-small:0px;--awb-flex-wrap:wrap;\" ><div class=\"fusion-builder-row fusion-row fusion-flex-align-items-flex-start fusion-flex-content-wrap\" style=\"max-width:1248px;margin-left: calc(-4% \/ 2 );margin-right: calc(-4% \/ 2 );\"><div class=\"fusion-layout-column fusion_builder_column fusion-builder-column-1 fusion_builder_column_1_1 1_1 fusion-flex-column\" style=\"--awb-padding-top:40px;--awb-padding-right:40px;--awb-padding-bottom:40px;--awb-padding-left:40px;--awb-padding-right-small:30px;--awb-padding-left-small:30px;--awb-bg-color:var(--awb-color5);--awb-bg-color-hover:var(--awb-color5);--awb-bg-size:cover;--awb-width-large:100%;--awb-margin-top-large:0px;--awb-spacing-right-large:1.92%;--awb-margin-bottom-large:20px;--awb-spacing-left-large:1.92%;--awb-width-medium:100%;--awb-order-medium:0;--awb-spacing-right-medium:1.92%;--awb-spacing-left-medium:1.92%;--awb-width-small:100%;--awb-order-small:0;--awb-spacing-right-small:1.92%;--awb-spacing-left-small:1.92%;\"><div class=\"fusion-column-wrapper fusion-column-has-shadow fusion-flex-justify-content-flex-start fusion-content-layout-column\"><div class=\"fusion-title title fusion-title-2 fusion-sep-none fusion-title-text fusion-title-size-one\" style=\"--awb-font-size:48px;\"><h1 class=\"fusion-title-heading title-heading-left\" style=\"margin:0;letter-spacing:1px;font-size:1em;\">Hem\u015firelik Uzman\u0131 (m\/f\/d) Palyatif Bak\u0131m SAPV Tam zamanl\u0131 veya yar\u0131 zamanl\u0131 Ba\u015flang\u0131\u00e7 tarihi: m\u00fcmk\u00fcn olan en k\u0131sa s\u00fcrede<\/h1><\/div><div class=\"fusion-text fusion-text-1\" style=\"--awb-text-font-family:&quot;proxima-nova&quot;;--awb-text-font-style:normal;--awb-text-font-weight:300;\"><p>Hospiz Elias&#8217;taki Uzmanla\u015fm\u0131\u015f Ayakta Palyatif Bak\u0131m (SAPV), m\u00fcmk\u00fcn olan en k\u0131sa s\u00fcrede ekibimize kat\u0131lacak tam zamanl\u0131 veya yar\u0131 zamanl\u0131 palyatif bak\u0131m hem\u015fireleri (m \/ f \/ d) ar\u0131yor<\/p>\n<\/div><div class=\"fusion-separator fusion-full-width-sep\" style=\"align-self: center;margin-left: auto;margin-right: auto;width:100%;\"><\/div><div ><a class=\"fusion-button button-flat fusion-button-default-size button-custom fusion-button-default button-1 fusion-button-default-span fusion-button-default-type fusion-has-button-gradient\" style=\"--button_accent_color:var(--awb-color1);--button_accent_hover_color:var(--awb-color1);--button_border_hover_color:rgba(255,255,255,0);--button_gradient_top_color:#ff5c52;--button_gradient_bottom_color:var(--awb-color6);--button_gradient_top_color_hover:var(--awb-color4);--button_gradient_bottom_color_hover:var(--awb-color4);--button_margin-top:30px;--button_margin-bottom:30px;\" target=\"_self\" href=\"https:\/\/gwimarlu.pi-asp.de\/bewerber-web\/?xsrf=5C245EA2ADA9859D4B9AF359F8F50410&amp;company=*-FIRMA-ID&amp;tenant=&amp;lang=D#position,id=ef7d82d4-89c7-427f-8f9a-655862c1ef26,popup=y\"><span class=\"fusion-button-text awb-button__text awb-button__text--default\">\u015eimdi ba\u015fvurun!<\/span><\/a><\/div><div class=\"fusion-separator fusion-full-width-sep\" style=\"align-self: center;margin-left: auto;margin-right: auto;margin-bottom:30px;width:100%;\"><div class=\"fusion-separator-border sep-single sep-solid\" style=\"--awb-height:20px;--awb-amount:20px;--awb-sep-color:rgba(33,35,38,0.15);border-color:rgba(33,35,38,0.15);border-top-width:2px;\"><\/div><\/div><div class=\"fusion-text fusion-text-2\" style=\"--awb-text-font-family:&quot;proxima-nova&quot;;--awb-text-font-style:normal;--awb-text-font-weight:300;\"><p>Ludwigshafen am Rhein merkezli St. Dominikus Krankenhaus und Jugendhilfe GmbH&#8217;nin bir tesisi olan Elias Hospice, \u201cYA\u015eAM&#8230; B\u0130R \u00d6M\u00dcR BOYU.\u201d ilkesiyle, tedavisi m\u00fcmk\u00fcn olmayan ciddi hastal\u0131klar\u0131 olan insanlara destek olmaktad\u0131r. Ayakta ve yatarak tedavi. Yakla\u015f\u0131k 34 \u00e7al\u0131\u015fan ve g\u00f6n\u00fcll\u00fclerden olu\u015fan g\u00fc\u00e7l\u00fc bir ekip, hastalara m\u00fcmk\u00fcn olan en iyi ya\u015fam kalitesini, sayg\u0131nl\u0131\u011f\u0131 ve kat\u0131l\u0131m\u0131 sa\u011flama hedefini s\u00fcrd\u00fcrmektedir.<\/p>\n<\/div><div class=\"fusion-title title fusion-title-3 fusion-sep-none fusion-title-text fusion-title-size-two\" style=\"--awb-margin-bottom:0px;--awb-font-size:48px;\"><h2 class=\"fusion-title-heading title-heading-left\" style=\"font-family:&quot;proxima-nova&quot;;font-style:normal;font-weight:700;margin:0;letter-spacing:1px;text-transform:uppercase;font-size:1em;\">G\u00f6revleriniz<\/h2><\/div><div class=\"fusion-text fusion-text-3\" style=\"--awb-margin-top:0px;--awb-text-font-family:&quot;proxima-nova&quot;;--awb-text-font-style:normal;--awb-text-font-weight:300;\"><ul>\n<li>Kay\u0131tl\u0131 hem\u015fire (e\/k\/d) olarak hastalar\u0131m\u0131za e\u015flik edecek ve \u00f6zel ayakta palyatif bak\u0131m\u0131n \u00f6zelliklerini dikkate alacaks\u0131n\u0131z<\/li>\n<li>Hastalar\u0131n\u0131z i\u00e7in sorumluluk hissediyor ve hastalara m\u00fcmk\u00fcn olan en iyi bak\u0131m\u0131 sa\u011flamak i\u00e7in disiplinler aras\u0131 bir ekipte \u00e7al\u0131\u015fmaktan keyif al\u0131yorsunuz<\/li>\n<li>Hastalar ve yak\u0131nlar\u0131 i\u00e7in bir irtibat ki\u015fisi olarak, g\u00fcnl\u00fck olarak empati g\u00f6sterirsiniz<\/li>\n<li>Kalite g\u00fcvence \u00f6nlemlerine dahil oluyorsunuz<\/li>\n<\/ul>\n<\/div><div class=\"fusion-title title fusion-title-4 fusion-sep-none fusion-title-text fusion-title-size-two\" style=\"--awb-margin-bottom:0px;--awb-font-size:48px;\"><h2 class=\"fusion-title-heading title-heading-left\" style=\"font-family:&quot;proxima-nova&quot;;font-style:normal;font-weight:700;margin:0;letter-spacing:1px;text-transform:uppercase;font-size:1em;\"><h3>Profiliniz<\/h3><\/h2><\/div><div class=\"fusion-text fusion-text-4\" style=\"--awb-margin-top:0px;--awb-text-font-family:&quot;proxima-nova&quot;;--awb-text-font-style:normal;--awb-text-font-weight:300;\"><ul>\n<li>Hem\u015fire (e\/k\/d), sa\u011fl\u0131k ve bak\u0131m asistan\u0131 (e\/k\/d) veya geriatri hem\u015firesi (e\/k\/d) olarak tamamlanm\u0131\u015f e\u011fitim ve \u00a739a SGB V uyar\u0131nca 160 saatlik palyatif bak\u0131m uzmanl\u0131k e\u011fitimi (\u00f6n ko\u015ful de\u011fildir), bak\u0131m ihtiyac\u0131n\u0131 tan\u0131man\u0131za ve bak\u0131m s\u00fcrecini ba\u015flatman\u0131za yard\u0131mc\u0131 olacakt\u0131r<\/li>\n<li>Benzer bir pozisyondaki \u00f6nceki mesleki deneyiminiz sayesinde, profesyonel bak\u0131m takibi sa\u011flars\u0131n\u0131z<\/li>\n<li>Kendinizi i\u015finize adam\u0131\u015f, bir ekip i\u00e7inde \u00e7al\u0131\u015fmaktan ve yolculuklar\u0131nda e\u015flik etti\u011fimiz ayakta tedavi g\u00f6ren hastalar\u0131m\u0131za multidisipliner bak\u0131m sa\u011flamaktan keyif al\u0131yorsunuz<\/li>\n<li>G\u00fcnl\u00fck i\u015flerinizde, stresli durumlarda bile \u00f6nceliklerin fark\u0131na var\u0131r ve en y\u00fcksek kalitede palyatif hem\u015firelik bak\u0131m\u0131 sa\u011flama arzumuzu payla\u015f\u0131rs\u0131n\u0131z<\/li>\n<li>Kilise temelli bir kurulu\u015fun hedefleriyle \u00f6zde\u015fle\u015fiyorsunuz<\/li>\n<\/ul>\n<\/div><div class=\"fusion-title title fusion-title-5 fusion-sep-none fusion-title-text fusion-title-size-two\" style=\"--awb-margin-bottom:0px;--awb-font-size:48px;\"><h2 class=\"fusion-title-heading title-heading-left\" style=\"font-family:&quot;proxima-nova&quot;;font-style:normal;font-weight:700;margin:0;letter-spacing:1px;text-transform:uppercase;font-size:1em;\"><h3>Biz size sunuyoruz<\/h3><\/h2><\/div><div class=\"fusion-text fusion-text-5\" style=\"--awb-margin-top:0px;--awb-text-font-family:&quot;proxima-nova&quot;;--awb-text-font-style:normal;--awb-text-font-weight:300;\"><ul>\n<li>Palyatif bak\u0131m deste\u011fi alan\u0131nda ilgin\u00e7 ve \u00e7e\u015fitli bir \u00e7al\u0131\u015fma alan\u0131<\/li>\n<li>Birbirine ba\u011fl\u0131, birlikte \u00e7\u00f6z\u00fcm bulan ve takdiri vurgulayan bir ekip<\/li>\n<li>Kamu sekt\u00f6r\u00fc \u00fccret skalas\u0131na (TV\u00f6D-K\/VKA) uygun cazip bir maa\u015f\u0131n yan\u0131 s\u0131ra \u015firket emeklilik plan\u0131 ve sermaye olu\u015fturan yan haklar se\u00e7ene\u011fi<\/li>\n<li>\u00c7a\u011fr\u0131 \u00fczerine g\u00f6rev i\u00e7in \u00f6denekler<\/li>\n<li>\u00d6zel y\u0131ll\u0131k \u00f6deme<\/li>\n<li>30 g\u00fcne kadar tatil art\u0131 24 ve 31 Aral\u0131k ek izin g\u00fcnleri olarak, g\u00f6revdeyken ek \u00fccret \u00f6denir<\/li>\n<li>\u0130\u00e7 ve d\u0131\u015f e\u011fitim ve geli\u015fim programlar\u0131 ile ki\u015fisel geli\u015fim f\u0131rsatlar\u0131<\/li>\n<li>G\u00f6zetim<\/li>\n<\/ul>\n<\/div><div class=\"fusion-separator fusion-full-width-sep\" style=\"align-self: center;margin-left: auto;margin-right: auto;width:100%;\"><\/div><div ><a class=\"fusion-button button-flat fusion-button-default-size button-custom fusion-button-default button-2 fusion-button-default-span fusion-button-default-type fusion-has-button-gradient\" style=\"--button_accent_color:var(--awb-color1);--button_accent_hover_color:var(--awb-color1);--button_border_hover_color:rgba(255,255,255,0);--button_gradient_top_color:#ff5c52;--button_gradient_bottom_color:var(--awb-color6);--button_gradient_top_color_hover:var(--awb-color4);--button_gradient_bottom_color_hover:var(--awb-color4);--button_margin-top:30px;--button_margin-bottom:30px;\" target=\"_self\" href=\"https:\/\/gwimarlu.pi-asp.de\/bewerber-web\/?xsrf=5C245EA2ADA9859D4B9AF359F8F50410&amp;company=*-FIRMA-ID&amp;tenant=&amp;lang=D#position,id=ef7d82d4-89c7-427f-8f9a-655862c1ef26,popup=y\"><span class=\"fusion-button-text awb-button__text awb-button__text--default\">\u015eimdi ba\u015fvurun!<\/span><\/a><\/div><div class=\"fusion-text fusion-text-6\" style=\"--awb-text-font-family:&quot;proxima-nova&quot;;--awb-text-font-style:normal;--awb-text-font-weight:300;\"><p>K\u00f6keni, ten rengi, cinsel y\u00f6nelimi ve kimli\u011fi, dini veya d\u00fcnya g\u00f6r\u00fc\u015f\u00fc ne olursa olsun t\u00fcm insanlara sayg\u0131, takdir ve kabulle yakla\u015f\u0131r\u0131z.<\/p>\n<\/div><div class=\"fusion-title title fusion-title-6 fusion-sep-none fusion-title-text fusion-title-size-two\" style=\"--awb-margin-bottom:0px;--awb-font-size:48px;\"><h2 class=\"fusion-title-heading title-heading-left\" style=\"font-family:&quot;proxima-nova&quot;;font-style:normal;font-weight:700;margin:0;letter-spacing:1px;text-transform:uppercase;font-size:1em;\"><h3>Ki\u015fisel irtibat\u0131n\u0131z<\/h3><\/h2><\/div><div class=\"fusion-text fusion-text-7\" style=\"--awb-text-font-family:&quot;proxima-nova&quot;;--awb-text-font-style:normal;--awb-text-font-weight:300;\"><p>Rolf Kieninger<br \/>\nDar\u00fclaceze Ba\u015fkan\u0131 Elias: Tel. 0621 635547-20<\/p>\n<\/div><div class=\"fusion-title title fusion-title-7 fusion-sep-none fusion-title-text fusion-title-size-two\" style=\"--awb-margin-bottom:0px;--awb-font-size:48px;\"><h2 class=\"fusion-title-heading title-heading-left\" style=\"font-family:&quot;proxima-nova&quot;;font-style:normal;font-weight:700;margin:0;letter-spacing:1px;text-transform:uppercase;font-size:1em;\"><h3>Uzmanla\u015fm\u0131\u015f ayakta palyatif bak\u0131m (SAPV)<\/h3><\/h2><\/div><div class=\"fusion-title title fusion-title-8 fusion-sep-none fusion-title-text fusion-title-size-two\" style=\"--awb-margin-bottom:0px;--awb-font-size:48px;\"><h2 class=\"fusion-title-heading title-heading-left\" style=\"font-family:&quot;proxima-nova&quot;;font-style:normal;font-weight:700;margin:0;letter-spacing:1px;text-transform:uppercase;font-size:1em;\"><h3>Elias Hospis<\/h3><\/h2><\/div><div class=\"fusion-text fusion-text-8\" style=\"--awb-text-font-family:&quot;proxima-nova&quot;;--awb-text-font-style:normal;--awb-text-font-weight:300;\"><p>Steiermarkstra\u00dfe 12<br \/>\n67065 Ludwigshafen am Rhein<\/p>\n<\/div><div class=\"fusion-separator fusion-full-width-sep\" style=\"align-self: center;margin-left: auto;margin-right: auto;margin-bottom:30px;width:100%;\"><div class=\"fusion-separator-border sep-single sep-solid\" style=\"--awb-height:20px;--awb-amount:20px;--awb-sep-color:rgba(33,35,38,0.15);border-color:rgba(33,35,38,0.15);border-top-width:2px;\"><\/div><\/div><div class=\"fusion-text fusion-text-9\" style=\"--awb-text-font-family:&quot;proxima-nova&quot;;--awb-text-font-style:normal;--awb-text-font-weight:300;\"><p>\u0130\u015fe al\u0131m durumunda, 31 Aral\u0131k 1970 tarihinden sonra do\u011fan ba\u015fvuru sahiplerimiz i\u00e7in yeterli a\u015f\u0131 korumas\u0131 veya k\u0131zam\u0131\u011fa kar\u015f\u0131 ba\u011f\u0131\u015f\u0131kl\u0131\u011f\u0131n kan\u0131tlanmas\u0131 gerekmektedir.<\/p>\n<\/div><\/div><\/div><\/div><\/div><div class=\"fusion-fullwidth fullwidth-box fusion-builder-row-3 fusion-flex-container has-pattern-background has-mask-background nonhundred-percent-fullwidth non-hundred-percent-height-scrolling\" style=\"--awb-border-radius-top-left:0px;--awb-border-radius-top-right:0px;--awb-border-radius-bottom-right:0px;--awb-border-radius-bottom-left:0px;--awb-padding-top:50px;--awb-padding-bottom:50px;--awb-padding-top-small:30px;--awb-padding-bottom-small:30px;--awb-flex-wrap:wrap;\" ><div class=\"fusion-builder-row fusion-row fusion-flex-align-items-flex-start fusion-flex-justify-content-center fusion-flex-content-wrap\" style=\"max-width:1248px;margin-left: calc(-4% \/ 2 );margin-right: calc(-4% \/ 2 );\"><div class=\"fusion-layout-column fusion_builder_column fusion-builder-column-2 fusion_builder_column_1_1 1_1 fusion-flex-column\" style=\"--awb-bg-size:cover;--awb-width-large:100%;--awb-margin-top-large:0px;--awb-spacing-right-large:1.92%;--awb-margin-bottom-large:0px;--awb-spacing-left-large:1.92%;--awb-width-medium:100%;--awb-order-medium:0;--awb-spacing-right-medium:1.92%;--awb-spacing-left-medium:1.92%;--awb-width-small:100%;--awb-order-small:0;--awb-spacing-right-small:1.92%;--awb-spacing-left-small:1.92%;\"><div class=\"fusion-column-wrapper fusion-column-has-shadow fusion-flex-justify-content-flex-start fusion-content-layout-column\"><div class=\"fusion-title title fusion-title-9 fusion-sep-none fusion-title-text fusion-title-size-three\" style=\"--awb-text-color:var(--awb-color6);--awb-font-size:40px;\"><h3 class=\"fusion-title-heading title-heading-left\" style=\"font-family:&quot;proxima-nova&quot;;font-style:normal;font-weight:700;margin:0;text-transform:uppercase;font-size:1em;\"><h3><a href=\"\/tr\/jobs\">Geri<\/a><\/h3><\/h3><\/div><\/div><\/div><\/div><\/div><\/p>\n","protected":false},"excerpt":{"rendered":"","protected":false},"author":1,"featured_media":0,"parent":2519,"menu_order":0,"comment_status":"closed","ping_status":"closed","template":"100-width.php","meta":{"footnotes":""},"class_list":["post-2673","page","type-page","status-publish","hentry"],"yoast_head":"<!-- This site is optimized with the Yoast SEO plugin v27.4 - https:\/\/yoast.com\/product\/yoast-seo-wordpress\/ -->\n<title>Pflegefachkraft - Hospiz Elias<\/title>\n<meta name=\"robots\" content=\"index, follow, max-snippet:-1, max-image-preview:large, max-video-preview:-1\" \/>\n<link rel=\"canonical\" href=\"https:\/\/hospiz-elias.de\/tr\/jobs\/pflegefachkraft\/\" \/>\n<meta property=\"og:locale\" content=\"tr_TR\" \/>\n<meta property=\"og:type\" content=\"article\" \/>\n<meta property=\"og:title\" content=\"Pflegefachkraft - Hospiz Elias\" \/>\n<meta property=\"og:url\" content=\"https:\/\/hospiz-elias.de\/tr\/jobs\/pflegefachkraft\/\" \/>\n<meta property=\"og:site_name\" content=\"Hospiz Elias\" \/>\n<meta property=\"article:modified_time\" content=\"2024-11-07T11:49:01+00:00\" \/>\n<meta name=\"twitter:card\" content=\"summary_large_image\" \/>\n<meta name=\"twitter:label1\" content=\"Tahmini okuma s\u00fcresi\" \/>\n\t<meta name=\"twitter:data1\" content=\"3 dakika\" \/>\n<script type=\"application\/ld+json\" class=\"yoast-schema-graph\">{\"@context\":\"https:\\\/\\\/schema.org\",\"@graph\":[{\"@type\":\"WebPage\",\"@id\":\"https:\\\/\\\/hospiz-elias.de\\\/tr\\\/jobs\\\/pflegefachkraft\\\/\",\"url\":\"https:\\\/\\\/hospiz-elias.de\\\/tr\\\/jobs\\\/pflegefachkraft\\\/\",\"name\":\"Pflegefachkraft - Hospiz Elias\",\"isPartOf\":{\"@id\":\"https:\\\/\\\/hospiz-elias.de\\\/#website\"},\"datePublished\":\"2024-06-06T13:31:26+00:00\",\"dateModified\":\"2024-11-07T11:49:01+00:00\",\"breadcrumb\":{\"@id\":\"https:\\\/\\\/hospiz-elias.de\\\/tr\\\/jobs\\\/pflegefachkraft\\\/#breadcrumb\"},\"inLanguage\":\"tr\",\"potentialAction\":[{\"@type\":\"ReadAction\",\"target\":[\"https:\\\/\\\/hospiz-elias.de\\\/tr\\\/jobs\\\/pflegefachkraft\\\/\"]}]},{\"@type\":\"BreadcrumbList\",\"@id\":\"https:\\\/\\\/hospiz-elias.de\\\/tr\\\/jobs\\\/pflegefachkraft\\\/#breadcrumb\",\"itemListElement\":[{\"@type\":\"ListItem\",\"position\":1,\"name\":\"Startseite\",\"item\":\"https:\\\/\\\/hospiz-elias.de\\\/\"},{\"@type\":\"ListItem\",\"position\":2,\"name\":\"Jobs\",\"item\":\"https:\\\/\\\/hospiz-elias.de\\\/tr\\\/jobs\\\/\"},{\"@type\":\"ListItem\",\"position\":3,\"name\":\"Pflegefachkraft\"}]},{\"@type\":\"WebSite\",\"@id\":\"https:\\\/\\\/hospiz-elias.de\\\/#website\",\"url\":\"https:\\\/\\\/hospiz-elias.de\\\/\",\"name\":\"Hospiz Elias\",\"description\":\"\",\"potentialAction\":[{\"@type\":\"SearchAction\",\"target\":{\"@type\":\"EntryPoint\",\"urlTemplate\":\"https:\\\/\\\/hospiz-elias.de\\\/?s={search_term_string}\"},\"query-input\":{\"@type\":\"PropertyValueSpecification\",\"valueRequired\":true,\"valueName\":\"search_term_string\"}}],\"inLanguage\":\"tr\"}]}<\/script>\n<!-- \/ Yoast SEO plugin. -->","yoast_head_json":{"title":"Pflegefachkraft - Hospiz Elias","robots":{"index":"index","follow":"follow","max-snippet":"max-snippet:-1","max-image-preview":"max-image-preview:large","max-video-preview":"max-video-preview:-1"},"canonical":"https:\/\/hospiz-elias.de\/tr\/jobs\/pflegefachkraft\/","og_locale":"tr_TR","og_type":"article","og_title":"Pflegefachkraft - Hospiz Elias","og_url":"https:\/\/hospiz-elias.de\/tr\/jobs\/pflegefachkraft\/","og_site_name":"Hospiz Elias","article_modified_time":"2024-11-07T11:49:01+00:00","twitter_card":"summary_large_image","twitter_misc":{"Tahmini okuma s\u00fcresi":"3 dakika"},"schema":{"@context":"https:\/\/schema.org","@graph":[{"@type":"WebPage","@id":"https:\/\/hospiz-elias.de\/tr\/jobs\/pflegefachkraft\/","url":"https:\/\/hospiz-elias.de\/tr\/jobs\/pflegefachkraft\/","name":"Pflegefachkraft - Hospiz Elias","isPartOf":{"@id":"https:\/\/hospiz-elias.de\/#website"},"datePublished":"2024-06-06T13:31:26+00:00","dateModified":"2024-11-07T11:49:01+00:00","breadcrumb":{"@id":"https:\/\/hospiz-elias.de\/tr\/jobs\/pflegefachkraft\/#breadcrumb"},"inLanguage":"tr","potentialAction":[{"@type":"ReadAction","target":["https:\/\/hospiz-elias.de\/tr\/jobs\/pflegefachkraft\/"]}]},{"@type":"BreadcrumbList","@id":"https:\/\/hospiz-elias.de\/tr\/jobs\/pflegefachkraft\/#breadcrumb","itemListElement":[{"@type":"ListItem","position":1,"name":"Startseite","item":"https:\/\/hospiz-elias.de\/"},{"@type":"ListItem","position":2,"name":"Jobs","item":"https:\/\/hospiz-elias.de\/tr\/jobs\/"},{"@type":"ListItem","position":3,"name":"Pflegefachkraft"}]},{"@type":"WebSite","@id":"https:\/\/hospiz-elias.de\/#website","url":"https:\/\/hospiz-elias.de\/","name":"Hospiz Elias","description":"","potentialAction":[{"@type":"SearchAction","target":{"@type":"EntryPoint","urlTemplate":"https:\/\/hospiz-elias.de\/?s={search_term_string}"},"query-input":{"@type":"PropertyValueSpecification","valueRequired":true,"valueName":"search_term_string"}}],"inLanguage":"tr"}]}},"_links":{"self":[{"href":"https:\/\/hospiz-elias.de\/tr\/wp-json\/wp\/v2\/pages\/2673","targetHints":{"allow":["GET"]}}],"collection":[{"href":"https:\/\/hospiz-elias.de\/tr\/wp-json\/wp\/v2\/pages"}],"about":[{"href":"https:\/\/hospiz-elias.de\/tr\/wp-json\/wp\/v2\/types\/page"}],"author":[{"embeddable":true,"href":"https:\/\/hospiz-elias.de\/tr\/wp-json\/wp\/v2\/users\/1"}],"replies":[{"embeddable":true,"href":"https:\/\/hospiz-elias.de\/tr\/wp-json\/wp\/v2\/comments?post=2673"}],"version-history":[{"count":2,"href":"https:\/\/hospiz-elias.de\/tr\/wp-json\/wp\/v2\/pages\/2673\/revisions"}],"predecessor-version":[{"id":2705,"href":"https:\/\/hospiz-elias.de\/tr\/wp-json\/wp\/v2\/pages\/2673\/revisions\/2705"}],"up":[{"embeddable":true,"href":"https:\/\/hospiz-elias.de\/tr\/wp-json\/wp\/v2\/pages\/2519"}],"wp:attachment":[{"href":"https:\/\/hospiz-elias.de\/tr\/wp-json\/wp\/v2\/media?parent=2673"}],"curies":[{"name":"wp","href":"https:\/\/api.w.org\/{rel}","templated":true}]}}