{"id":2671,"date":"2024-06-06T15:51:08","date_gmt":"2024-06-06T13:51:08","guid":{"rendered":"https:\/\/hospiz-elias.de\/?page_id=2671"},"modified":"2024-11-07T12:49:12","modified_gmt":"2024-11-07T11:49:12","slug":"initiativbewerbung","status":"publish","type":"page","link":"https:\/\/hospiz-elias.de\/tr\/jobs\/initiativbewerbung\/","title":{"rendered":"Initiativbewerbung"},"content":{"rendered":"<p><div class=\"fusion-fullwidth fullwidth-box fusion-builder-row-1 fusion-flex-container has-pattern-background has-mask-background nonhundred-percent-fullwidth non-hundred-percent-height-scrolling\" style=\"--awb-border-radius-top-left:0px;--awb-border-radius-top-right:0px;--awb-border-radius-bottom-right:0px;--awb-border-radius-bottom-left:0px;--awb-padding-top:50px;--awb-padding-bottom:50px;--awb-padding-top-small:30px;--awb-padding-bottom-small:30px;--awb-flex-wrap:wrap;\" ><div class=\"fusion-builder-row fusion-row fusion-flex-align-items-flex-start fusion-flex-justify-content-center fusion-flex-content-wrap\" style=\"max-width:1248px;margin-left: calc(-4% \/ 2 );margin-right: calc(-4% \/ 2 );\"><div class=\"fusion-layout-column fusion_builder_column fusion-builder-column-0 fusion_builder_column_1_1 1_1 fusion-flex-column\" style=\"--awb-bg-size:cover;--awb-width-large:100%;--awb-margin-top-large:0px;--awb-spacing-right-large:1.92%;--awb-margin-bottom-large:0px;--awb-spacing-left-large:1.92%;--awb-width-medium:100%;--awb-order-medium:0;--awb-spacing-right-medium:1.92%;--awb-spacing-left-medium:1.92%;--awb-width-small:100%;--awb-order-small:0;--awb-spacing-right-small:1.92%;--awb-spacing-left-small:1.92%;\"><div class=\"fusion-column-wrapper fusion-column-has-shadow fusion-flex-justify-content-flex-start fusion-content-layout-column\"><div class=\"fusion-title title fusion-title-1 fusion-sep-none fusion-title-text fusion-title-size-three\" style=\"--awb-text-color:var(--awb-color6);--awb-font-size:40px;\"><h3 class=\"fusion-title-heading title-heading-left\" style=\"font-family:&quot;proxima-nova&quot;;font-style:normal;font-weight:700;margin:0;text-transform:uppercase;font-size:1em;\"><a href=\"\/tr\/jobs\">Geri<\/a><\/h3><\/div><\/div><\/div><\/div><\/div><div class=\"fusion-fullwidth fullwidth-box fusion-builder-row-2 fusion-flex-container has-pattern-background has-mask-background nonhundred-percent-fullwidth non-hundred-percent-height-scrolling\" style=\"--awb-border-radius-top-left:0px;--awb-border-radius-top-right:0px;--awb-border-radius-bottom-right:0px;--awb-border-radius-bottom-left:0px;--awb-padding-right-small:0px;--awb-padding-left-small:0px;--awb-flex-wrap:wrap;\" ><div class=\"fusion-builder-row fusion-row fusion-flex-align-items-flex-start fusion-flex-content-wrap\" style=\"max-width:1248px;margin-left: calc(-4% \/ 2 );margin-right: calc(-4% \/ 2 );\"><div class=\"fusion-layout-column fusion_builder_column fusion-builder-column-1 fusion_builder_column_1_1 1_1 fusion-flex-column\" style=\"--awb-padding-top:40px;--awb-padding-right:40px;--awb-padding-bottom:40px;--awb-padding-left:40px;--awb-padding-right-small:30px;--awb-padding-left-small:30px;--awb-bg-color:var(--awb-color5);--awb-bg-color-hover:var(--awb-color5);--awb-bg-size:cover;--awb-width-large:100%;--awb-margin-top-large:0px;--awb-spacing-right-large:1.92%;--awb-margin-bottom-large:20px;--awb-spacing-left-large:1.92%;--awb-width-medium:100%;--awb-order-medium:0;--awb-spacing-right-medium:1.92%;--awb-spacing-left-medium:1.92%;--awb-width-small:100%;--awb-order-small:0;--awb-spacing-right-small:1.92%;--awb-margin-bottom-small:0px;--awb-spacing-left-small:1.92%;\"><div class=\"fusion-column-wrapper fusion-column-has-shadow fusion-flex-justify-content-flex-start fusion-content-layout-column\"><div class=\"fusion-title title fusion-title-2 fusion-sep-none fusion-title-text fusion-title-size-one\" style=\"--awb-font-size:48px;\"><h1 class=\"fusion-title-heading title-heading-left\" style=\"margin:0;letter-spacing:1px;text-transform:uppercase;font-size:1em;\">Talep edilmemi\u015f ba\u015fvuru<\/h1><\/div><div class=\"fusion-text fusion-text-1\" style=\"--awb-text-font-family:&quot;proxima-nova&quot;;--awb-text-font-style:normal;--awb-text-font-weight:300;\"><p>Elias Hospice&#8217;deki \u00f6zel ekibimizin bir par\u00e7as\u0131 olmak ister misiniz? Bizimle \u00e7al\u0131\u015fmakla ilgilendi\u011finiz i\u00e7in \u00e7ok mutluyuz! Elias Hospice, ya\u015famlar\u0131n\u0131n son evresindeki insanlar i\u00e7in bir yer sa\u011flar ve bu yolculuklar\u0131nda onlara \u015fefkat ve empati ile destek olur. Bir i\u015fveren olarak, \u00e7al\u0131\u015fanlar\u0131m\u0131z\u0131n geli\u015febilece\u011fi uyumlu ve sayg\u0131l\u0131 bir \u00e7al\u0131\u015fma ortam\u0131na b\u00fcy\u00fck \u00f6nem veriyoruz.<br \/>\nSize bize talep edilmemi\u015f bir ba\u015fvuru g\u00f6nderme f\u0131rsat\u0131 vermek istiyoruz. Dar\u00fclaceze \u00e7al\u0131\u015fmalar\u0131, palyatif bak\u0131m veya ilgili bir uzmanl\u0131k alan\u0131nda nitelikli e\u011fitim ald\u0131ysan\u0131z, sizden haber bekliyoruz.<\/p>\n<p>Ekibimiz, hepsi ayn\u0131 amac\u0131 payla\u015fan farkl\u0131 ge\u00e7mi\u015flere ve becerilere sahip ki\u015filerden olu\u015fmaktad\u0131r: Ya\u015famlar\u0131n\u0131n son evresinde insanlara sevgiyle e\u015flik etmek. Ekip \u00e7al\u0131\u015fmas\u0131na, empatiye ve birbirimizle sayg\u0131l\u0131 etkile\u015fime de\u011fer veriyoruz.<\/p>\n<p>Bu alandaki potansiyelinizi ger\u00e7ekle\u015ftirmek ve vizyonumuzu payla\u015fmak istiyorsan\u0131z, l\u00fctfen ayr\u0131nt\u0131l\u0131 ba\u015fvuru belgelerinizi bize g\u00f6nderin. L\u00fctfen ba\u015fvuru formumuzu kullan\u0131n. K\u00f6keni, ten rengi, cinsel y\u00f6nelimi ve kimli\u011fi, cinsiyet \u00e7e\u015fitlili\u011fi, dini ve ideolojisi ne olursa olsun t\u00fcm insanlara sayg\u0131, takdir ve kabulle yakla\u015f\u0131yoruz.<\/p>\n<p>Sizi tan\u0131mak ve Hospiz Elias&#8217;\u0131n gelece\u011fini birlikte \u015fekillendirmek i\u00e7in sab\u0131rs\u0131zlan\u0131yoruz. Herhangi bir sorunuz varsa, l\u00fctfen bizimle ileti\u015fime ge\u00e7mekten \u00e7ekinmeyin.<\/p>\n<p><b>\u0130lyas Dar\u00fclaceze&#8217;deki ekibiniz<\/b><\/p>\n<\/div><div class=\"fusion-separator fusion-full-width-sep\" style=\"align-self: center;margin-left: auto;margin-right: auto;width:100%;\"><\/div><div ><a class=\"fusion-button button-flat fusion-button-default-size button-custom fusion-button-default button-1 fusion-button-default-span fusion-button-default-type fusion-has-button-gradient\" style=\"--button_accent_color:var(--awb-color1);--button_accent_hover_color:var(--awb-color1);--button_border_hover_color:rgba(255,255,255,0);--button_gradient_top_color:#ff5c52;--button_gradient_bottom_color:var(--awb-color6);--button_gradient_top_color_hover:var(--awb-color4);--button_gradient_bottom_color_hover:var(--awb-color4);--button_margin-top:30px;--button_margin-bottom:30px;\" target=\"_self\" href=\"https:\/\/gwimarlu.pi-asp.de\/bewerber-web\/?xsrf=5C245EA2ADA9859D4B9AF359F8F50410&amp;company=*-FIRMA-ID&amp;tenant=&amp;lang=D#position,id=ef7d82d4-89c7-427f-8f9a-655862c1ef26,popup=y\"><span class=\"fusion-button-text awb-button__text awb-button__text--default\">\u015eimdi ba\u015fvurun!<\/span><\/a><\/div><\/div><\/div><\/div><\/div><div class=\"fusion-fullwidth fullwidth-box fusion-builder-row-3 fusion-flex-container has-pattern-background has-mask-background nonhundred-percent-fullwidth non-hundred-percent-height-scrolling\" style=\"--awb-border-radius-top-left:0px;--awb-border-radius-top-right:0px;--awb-border-radius-bottom-right:0px;--awb-border-radius-bottom-left:0px;--awb-padding-top:50px;--awb-padding-bottom:50px;--awb-padding-top-small:30px;--awb-padding-bottom-small:30px;--awb-flex-wrap:wrap;\" ><div class=\"fusion-builder-row fusion-row fusion-flex-align-items-flex-start fusion-flex-justify-content-center fusion-flex-content-wrap\" style=\"max-width:1248px;margin-left: calc(-4% \/ 2 );margin-right: calc(-4% \/ 2 );\"><div class=\"fusion-layout-column fusion_builder_column fusion-builder-column-2 fusion_builder_column_1_1 1_1 fusion-flex-column\" style=\"--awb-bg-size:cover;--awb-width-large:100%;--awb-margin-top-large:0px;--awb-spacing-right-large:1.92%;--awb-margin-bottom-large:0px;--awb-spacing-left-large:1.92%;--awb-width-medium:100%;--awb-order-medium:0;--awb-spacing-right-medium:1.92%;--awb-spacing-left-medium:1.92%;--awb-width-small:100%;--awb-order-small:0;--awb-spacing-right-small:1.92%;--awb-spacing-left-small:1.92%;\"><div class=\"fusion-column-wrapper fusion-column-has-shadow fusion-flex-justify-content-flex-start fusion-content-layout-column\"><div class=\"fusion-title title fusion-title-3 fusion-sep-none fusion-title-text fusion-title-size-three\" style=\"--awb-text-color:var(--awb-color6);--awb-font-size:40px;\"><h3 class=\"fusion-title-heading title-heading-left\" style=\"font-family:&quot;proxima-nova&quot;;font-style:normal;font-weight:700;margin:0;text-transform:uppercase;font-size:1em;\"><a href=\"\/tr\/jobs\">Geri<\/a><\/h3><\/div><\/div><\/div><\/div><\/div><\/p>\n","protected":false},"excerpt":{"rendered":"","protected":false},"author":1,"featured_media":0,"parent":2519,"menu_order":0,"comment_status":"closed","ping_status":"closed","template":"100-width.php","meta":{"footnotes":""},"class_list":["post-2671","page","type-page","status-publish","hentry"],"yoast_head":"<!-- This site is optimized with the Yoast SEO plugin v27.3 - https:\/\/yoast.com\/product\/yoast-seo-wordpress\/ -->\n<title>Initiativbewerbung - Hospiz Elias<\/title>\n<meta name=\"robots\" content=\"index, follow, max-snippet:-1, max-image-preview:large, max-video-preview:-1\" \/>\n<link rel=\"canonical\" href=\"https:\/\/hospiz-elias.de\/tr\/jobs\/initiativbewerbung\/\" \/>\n<meta property=\"og:locale\" content=\"tr_TR\" \/>\n<meta property=\"og:type\" content=\"article\" \/>\n<meta property=\"og:title\" content=\"Initiativbewerbung - Hospiz Elias\" \/>\n<meta property=\"og:url\" content=\"https:\/\/hospiz-elias.de\/tr\/jobs\/initiativbewerbung\/\" \/>\n<meta property=\"og:site_name\" content=\"Hospiz Elias\" \/>\n<meta property=\"article:modified_time\" content=\"2024-11-07T11:49:12+00:00\" \/>\n<meta name=\"twitter:card\" content=\"summary_large_image\" \/>\n<meta name=\"twitter:label1\" content=\"Tahmini okuma s\u00fcresi\" \/>\n\t<meta name=\"twitter:data1\" content=\"1 dakika\" \/>\n<script type=\"application\/ld+json\" class=\"yoast-schema-graph\">{\"@context\":\"https:\\\/\\\/schema.org\",\"@graph\":[{\"@type\":\"WebPage\",\"@id\":\"https:\\\/\\\/hospiz-elias.de\\\/tr\\\/jobs\\\/initiativbewerbung\\\/\",\"url\":\"https:\\\/\\\/hospiz-elias.de\\\/tr\\\/jobs\\\/initiativbewerbung\\\/\",\"name\":\"Initiativbewerbung - Hospiz Elias\",\"isPartOf\":{\"@id\":\"https:\\\/\\\/hospiz-elias.de\\\/#website\"},\"datePublished\":\"2024-06-06T13:51:08+00:00\",\"dateModified\":\"2024-11-07T11:49:12+00:00\",\"breadcrumb\":{\"@id\":\"https:\\\/\\\/hospiz-elias.de\\\/tr\\\/jobs\\\/initiativbewerbung\\\/#breadcrumb\"},\"inLanguage\":\"tr\",\"potentialAction\":[{\"@type\":\"ReadAction\",\"target\":[\"https:\\\/\\\/hospiz-elias.de\\\/tr\\\/jobs\\\/initiativbewerbung\\\/\"]}]},{\"@type\":\"BreadcrumbList\",\"@id\":\"https:\\\/\\\/hospiz-elias.de\\\/tr\\\/jobs\\\/initiativbewerbung\\\/#breadcrumb\",\"itemListElement\":[{\"@type\":\"ListItem\",\"position\":1,\"name\":\"Startseite\",\"item\":\"https:\\\/\\\/hospiz-elias.de\\\/\"},{\"@type\":\"ListItem\",\"position\":2,\"name\":\"Jobs\",\"item\":\"https:\\\/\\\/hospiz-elias.de\\\/tr\\\/jobs\\\/\"},{\"@type\":\"ListItem\",\"position\":3,\"name\":\"Initiativbewerbung\"}]},{\"@type\":\"WebSite\",\"@id\":\"https:\\\/\\\/hospiz-elias.de\\\/#website\",\"url\":\"https:\\\/\\\/hospiz-elias.de\\\/\",\"name\":\"Hospiz Elias\",\"description\":\"\",\"potentialAction\":[{\"@type\":\"SearchAction\",\"target\":{\"@type\":\"EntryPoint\",\"urlTemplate\":\"https:\\\/\\\/hospiz-elias.de\\\/?s={search_term_string}\"},\"query-input\":{\"@type\":\"PropertyValueSpecification\",\"valueRequired\":true,\"valueName\":\"search_term_string\"}}],\"inLanguage\":\"tr\"}]}<\/script>\n<!-- \/ Yoast SEO plugin. -->","yoast_head_json":{"title":"Initiativbewerbung - Hospiz Elias","robots":{"index":"index","follow":"follow","max-snippet":"max-snippet:-1","max-image-preview":"max-image-preview:large","max-video-preview":"max-video-preview:-1"},"canonical":"https:\/\/hospiz-elias.de\/tr\/jobs\/initiativbewerbung\/","og_locale":"tr_TR","og_type":"article","og_title":"Initiativbewerbung - Hospiz Elias","og_url":"https:\/\/hospiz-elias.de\/tr\/jobs\/initiativbewerbung\/","og_site_name":"Hospiz Elias","article_modified_time":"2024-11-07T11:49:12+00:00","twitter_card":"summary_large_image","twitter_misc":{"Tahmini okuma s\u00fcresi":"1 dakika"},"schema":{"@context":"https:\/\/schema.org","@graph":[{"@type":"WebPage","@id":"https:\/\/hospiz-elias.de\/tr\/jobs\/initiativbewerbung\/","url":"https:\/\/hospiz-elias.de\/tr\/jobs\/initiativbewerbung\/","name":"Initiativbewerbung - Hospiz Elias","isPartOf":{"@id":"https:\/\/hospiz-elias.de\/#website"},"datePublished":"2024-06-06T13:51:08+00:00","dateModified":"2024-11-07T11:49:12+00:00","breadcrumb":{"@id":"https:\/\/hospiz-elias.de\/tr\/jobs\/initiativbewerbung\/#breadcrumb"},"inLanguage":"tr","potentialAction":[{"@type":"ReadAction","target":["https:\/\/hospiz-elias.de\/tr\/jobs\/initiativbewerbung\/"]}]},{"@type":"BreadcrumbList","@id":"https:\/\/hospiz-elias.de\/tr\/jobs\/initiativbewerbung\/#breadcrumb","itemListElement":[{"@type":"ListItem","position":1,"name":"Startseite","item":"https:\/\/hospiz-elias.de\/"},{"@type":"ListItem","position":2,"name":"Jobs","item":"https:\/\/hospiz-elias.de\/tr\/jobs\/"},{"@type":"ListItem","position":3,"name":"Initiativbewerbung"}]},{"@type":"WebSite","@id":"https:\/\/hospiz-elias.de\/#website","url":"https:\/\/hospiz-elias.de\/","name":"Hospiz Elias","description":"","potentialAction":[{"@type":"SearchAction","target":{"@type":"EntryPoint","urlTemplate":"https:\/\/hospiz-elias.de\/?s={search_term_string}"},"query-input":{"@type":"PropertyValueSpecification","valueRequired":true,"valueName":"search_term_string"}}],"inLanguage":"tr"}]}},"_links":{"self":[{"href":"https:\/\/hospiz-elias.de\/tr\/wp-json\/wp\/v2\/pages\/2671","targetHints":{"allow":["GET"]}}],"collection":[{"href":"https:\/\/hospiz-elias.de\/tr\/wp-json\/wp\/v2\/pages"}],"about":[{"href":"https:\/\/hospiz-elias.de\/tr\/wp-json\/wp\/v2\/types\/page"}],"author":[{"embeddable":true,"href":"https:\/\/hospiz-elias.de\/tr\/wp-json\/wp\/v2\/users\/1"}],"replies":[{"embeddable":true,"href":"https:\/\/hospiz-elias.de\/tr\/wp-json\/wp\/v2\/comments?post=2671"}],"version-history":[{"count":2,"href":"https:\/\/hospiz-elias.de\/tr\/wp-json\/wp\/v2\/pages\/2671\/revisions"}],"predecessor-version":[{"id":2706,"href":"https:\/\/hospiz-elias.de\/tr\/wp-json\/wp\/v2\/pages\/2671\/revisions\/2706"}],"up":[{"embeddable":true,"href":"https:\/\/hospiz-elias.de\/tr\/wp-json\/wp\/v2\/pages\/2519"}],"wp:attachment":[{"href":"https:\/\/hospiz-elias.de\/tr\/wp-json\/wp\/v2\/media?parent=2671"}],"curies":[{"name":"wp","href":"https:\/\/api.w.org\/{rel}","templated":true}]}}