{"id":2563,"date":"2024-05-02T11:06:49","date_gmt":"2024-05-02T09:06:49","guid":{"rendered":"https:\/\/hospiz-elias.de\/?page_id=2563"},"modified":"2024-10-30T12:48:53","modified_gmt":"2024-10-30T11:48:53","slug":"impressum","status":"publish","type":"page","link":"https:\/\/hospiz-elias.de\/tr\/impressum\/","title":{"rendered":"Impressum"},"content":{"rendered":"<div class=\"fusion-fullwidth fullwidth-box fusion-builder-row-1 fusion-flex-container has-pattern-background has-mask-background nonhundred-percent-fullwidth non-hundred-percent-height-scrolling\" style=\"--awb-border-radius-top-left:0px;--awb-border-radius-top-right:0px;--awb-border-radius-bottom-right:0px;--awb-border-radius-bottom-left:0px;--awb-padding-top:100px;--awb-padding-bottom:100px;--awb-padding-top-small:50px;--awb-padding-bottom-small:0px;--awb-flex-wrap:wrap;\" ><div class=\"fusion-builder-row fusion-row fusion-flex-align-items-flex-start fusion-flex-justify-content-center fusion-flex-content-wrap\" style=\"max-width:1248px;margin-left: calc(-4% \/ 2 );margin-right: calc(-4% \/ 2 );\"><div class=\"fusion-layout-column fusion_builder_column fusion-builder-column-0 fusion_builder_column_5_6 5_6 fusion-flex-column\" style=\"--awb-bg-size:cover;--awb-width-large:83.3333333333%;--awb-margin-top-large:0px;--awb-spacing-right-large:2.304%;--awb-margin-bottom-large:20px;--awb-spacing-left-large:2.304%;--awb-width-medium:83.3333333333%;--awb-order-medium:0;--awb-spacing-right-medium:2.304%;--awb-spacing-left-medium:2.304%;--awb-width-small:100%;--awb-order-small:0;--awb-spacing-right-small:1.92%;--awb-spacing-left-small:1.92%;\"><div class=\"fusion-column-wrapper fusion-column-has-shadow fusion-flex-justify-content-flex-start fusion-content-layout-column\"><div class=\"fusion-text fusion-text-1\"><h1 style=\"--fontsize: 64; line-height: 1.2;\"><b data-fusion-font=\"true\">IMPRESSUM<\/b><\/h1>\n<p class=\"p3\"><b>Hospiz Elias<\/b><br \/>\nSteiermarkstra\u00dfe 12<br \/>\n67065 Ludwigshafen am Rhein<\/p>\n<p class=\"p3\">Tel.: 0621-635547-0<br \/>\nFax: 0621-635547-29<br \/>\nMail: <a href=\"mailto:mail@hospiz-elias.de\"><span class=\"s1\">mail@hospiz-elias.de<\/span><\/a><\/p>\n<p class=\"p3\">Das Hospiz Elias ist eine Einrichtung der St. Dominikus Krankenhaus und Jugendhilfe gGmbH.<\/p>\n<p class=\"p3\"><b>Gesetzliche Vertretung<\/b><br \/>\nGesch\u00e4ftsf\u00fchrer Marcus Wiechmann<\/p>\n<p class=\"p3\"><b>Registergericht<\/b><br \/>\nHRB: 60491<br \/>\nRegistergericht Ludwigshafen<\/p>\n<p class=\"p3\"><b>Inhaltliche Verantwortung<\/b><br \/>\nRolf Kieninger<br \/>\nLeiter Hospiz Elias<br \/>\n<a href=\"mailto:mail@hospiz-elias.de\"><span class=\"s1\">mail@hospiz-elias.de<\/span><\/a><\/p>\n<p class=\"p3\"><b>Konzept, Text, Fotografie<\/b><br \/>\nJan Zeller, Daniel Wetzel<\/p>\n<p class=\"p3\"><b>Design und Programmierung<\/b><br \/>\n<a href=\"https:\/\/www.medienagenten.de\/\" target=\"_blank\" rel=\"noopener\"><span class=\"s1\">medienagenten.de<\/span><\/a><\/p>\n<p><span style=\"color: var(--awb-text-color); font-family: var(--awb-text-font-family); font-size: var(--awb-font-size); font-style: var(--awb-text-font-style); font-weight: var(--awb-text-font-weight); letter-spacing: var(--awb-letter-spacing); text-align: var(--awb-content-alignment); text-transform: var(--awb-text-transform); background-color: var(--awb-bg-color-hover);\"><a href=\"https:\/\/circazwei.de\/\" target=\"_blank\" rel=\"noopener\">circazwei.de<\/a><\/span><\/p>\n<h2 class=\"fusion-responsive-typography-calculated\" style=\"--fontsize: 48; line-height: 1.2;\" data-fontsize=\"48\" data-lineheight=\"57.6px\"><b>HAFTUNGSAUSSCHLUSS<\/b><\/h2>\n<h4 class=\"fusion-responsive-typography-calculated\" style=\"--fontsize: 24; line-height: 1.2;\" data-fontsize=\"24\" data-lineheight=\"28.8px\"><b>Inhalte<\/b><\/h4>\n<p>Der Inhalt dieser Seiten wurde sorgf\u00e4ltig bearbeitet und \u00fcberpr\u00fcft. Das Hospiz Elias \u00fcbernimmt jedoch keine Gew\u00e4hr f\u00fcr die Aktualit\u00e4t, Richtigkeit, Vollst\u00e4ndigkeit oder Qualit\u00e4t der bereitgestellten Informationen. Haftungsanspr\u00fcche gegen das Hospiz Elias, die sich auf Sch\u00e4den materieller oder ideeller Art beziehen, welche durch die Nutzung oder Nichtnutzung der dargebotenen Informationen oder durch fehlerhafte und unvollst\u00e4ndige Informationen verursacht wurden, sind grunds\u00e4tzlich ausgeschlossen, sofern seitens des Hospiz Elias kein nachweislich vors\u00e4tzliches oder grob fahrl\u00e4ssiges Verschulden vorliegt. Das Hospiz Elias beh\u00e4lt sich ausdr\u00fccklich das Recht vor, Teile der Seite oder das gesamte Angebot ohne vorherige Ank\u00fcndigung zu ver\u00e4ndern, zu erg\u00e4nzen, zu l\u00f6schen oder die Ver\u00f6ffentlichung einzustellen.<\/p>\n<h4 class=\"fusion-responsive-typography-calculated\" style=\"--fontsize: 24; line-height: 1.2;\" data-fontsize=\"24\" data-lineheight=\"28.8px\"><b>Links<\/b><\/h4>\n<p>Sofern das Hospiz Elias direkt oder indirekt auf fremde Internetseiten verweisen (\u201eLinks\u201c), haften das Hospiz nur, wenn sie von den Inhalten genaue Kenntnis haben und es ihnen technisch m\u00f6glich und zumutbar ist, die Nutzung im Falle rechtswidriger Inhalte zu verhindern. Das Hospiz Elias erkl\u00e4rt hiermit ausdr\u00fccklich, dass zum Zeitpunkt der Linksetzung die verlinkten Seiten keine illegalen Inhalte enthalten haben. Das Hospiz Elias hat keinerlei Einfluss auf die aktuelle und zuk\u00fcnftige Gestaltung der verlinkten Seiten. Das Hospiz Elias distanziert sich daher hiermit ausdr\u00fccklich von allen inhaltlichen \u00c4nderungen, die nach der Linkssetzung auf den verlinkten Seiten vorgenommen werden. Dies gilt auch f\u00fcr Fremdeintr\u00e4ge in vom Hospiz Elias eingerichteten G\u00e4steb\u00fcchern, Diskussionsforen und Mailinglisten. Das Hospiz Elias ist nicht verantwortlich f\u00fcr den Inhalt, die Verf\u00fcgbarkeit, die Richtigkeit und die Genauigkeit der verlinkten Seiten, deren Angebote, Links oder Werbeanzeigen. Das Hospiz Elias haftet nicht f\u00fcr illegale, fehlerhafte oder unvollst\u00e4ndige Inhalte und insbesondere nicht f\u00fcr Sch\u00e4den, die durch Nutzung oder Nichtnutzung der auf den verlinkten Seiten angebotenen Informationen entstehen.<\/p>\n<h4 class=\"fusion-responsive-typography-calculated\" style=\"--fontsize: 24; line-height: 1.2;\" data-fontsize=\"24\" data-lineheight=\"28.8px\"><b>Urheberrecht<\/b><\/h4>\n<p>Das Hospiz Elias ist bestrebt, in allen Publikationen geltende Urheberrechte zu beachten. Sollte es trotzdem zu einer Urheberrechtsverletzung kommen, wird das Hospiz Elias das entsprechende Objekt nach Benachrichtigung aus ihrer Publikation entfernen bzw. mit dem entsprechenden Urheberrecht kenntlich machen. Alle innerhalb des Internetangebots genannten und gegebenenfalls durch Dritte gesch\u00fctzten Marken- und Warenzeichen unterliegen uneingeschr\u00e4nkt den Bestimmungen des jeweils g\u00fcltigen Kennzeichenrechts und den Besitzrechten der jeweiligen eingetragenen Eigent\u00fcmer*innen. Allein aufgrund der blo\u00dfen Nennung ist nicht der Schluss zu ziehen, dass Markenzeichen nicht durch Rechte Dritter gesch\u00fctzt sind. Das Urheberrecht f\u00fcr die eigenen Inhalte und Fotos auf der Domain www.hospiz-elias.de steht allein dem Hospiz Elias zu. Eine Vervielf\u00e4ltigung solcher Grafiken, Sounds oder Texte in anderen elektronischen oder gedruckten Publikationen ist ohne ausdr\u00fcckliche Zustimmung der Klinik nicht gestattet.<\/p>\n<p class=\"p3\"><b>Rechtswirksamkeit<\/b><br \/>\nDieser Haftungsausschluss ist als Teil des Internetangebotes zu betrachten, von dem aus auf diese Seite verwiesen wurde. Sofern Teile oder einzelne Formulierungen dieses Textes der geltenden Rechtslage nicht, nicht mehr oder nicht vollst\u00e4ndig entsprechen sollten, bleiben die \u00fcbrigen Teile des Dokumentes in ihrem Inhalt und ihrer G\u00fcltigkeit hiervon unber\u00fchrt.<\/p>\n<\/div><\/div><\/div><\/div><\/div>\n","protected":false},"excerpt":{"rendered":"","protected":false},"author":1,"featured_media":0,"parent":0,"menu_order":0,"comment_status":"closed","ping_status":"open","template":"","meta":{"footnotes":""},"class_list":["post-2563","page","type-page","status-publish","hentry"],"yoast_head":"<!-- This site is optimized with the Yoast SEO plugin v27.4 - https:\/\/yoast.com\/product\/yoast-seo-wordpress\/ -->\n<title>Impressum - Hospiz Elias<\/title>\n<meta name=\"robots\" content=\"index, follow, max-snippet:-1, max-image-preview:large, max-video-preview:-1\" \/>\n<link rel=\"canonical\" href=\"https:\/\/hospiz-elias.de\/tr\/impressum\/\" \/>\n<meta property=\"og:locale\" content=\"tr_TR\" \/>\n<meta property=\"og:type\" content=\"article\" \/>\n<meta property=\"og:title\" content=\"Impressum - Hospiz Elias\" \/>\n<meta property=\"og:url\" content=\"https:\/\/hospiz-elias.de\/tr\/impressum\/\" \/>\n<meta property=\"og:site_name\" content=\"Hospiz Elias\" \/>\n<meta property=\"article:modified_time\" content=\"2024-10-30T11:48:53+00:00\" \/>\n<meta name=\"twitter:card\" content=\"summary_large_image\" \/>\n<script type=\"application\/ld+json\" class=\"yoast-schema-graph\">{\"@context\":\"https:\\\/\\\/schema.org\",\"@graph\":[{\"@type\":\"WebPage\",\"@id\":\"https:\\\/\\\/hospiz-elias.de\\\/tr\\\/impressum\\\/\",\"url\":\"https:\\\/\\\/hospiz-elias.de\\\/tr\\\/impressum\\\/\",\"name\":\"Impressum - Hospiz Elias\",\"isPartOf\":{\"@id\":\"https:\\\/\\\/hospiz-elias.de\\\/#website\"},\"datePublished\":\"2024-05-02T09:06:49+00:00\",\"dateModified\":\"2024-10-30T11:48:53+00:00\",\"breadcrumb\":{\"@id\":\"https:\\\/\\\/hospiz-elias.de\\\/tr\\\/impressum\\\/#breadcrumb\"},\"inLanguage\":\"tr\",\"potentialAction\":[{\"@type\":\"ReadAction\",\"target\":[\"https:\\\/\\\/hospiz-elias.de\\\/tr\\\/impressum\\\/\"]}]},{\"@type\":\"BreadcrumbList\",\"@id\":\"https:\\\/\\\/hospiz-elias.de\\\/tr\\\/impressum\\\/#breadcrumb\",\"itemListElement\":[{\"@type\":\"ListItem\",\"position\":1,\"name\":\"Startseite\",\"item\":\"https:\\\/\\\/hospiz-elias.de\\\/\"},{\"@type\":\"ListItem\",\"position\":2,\"name\":\"Impressum\"}]},{\"@type\":\"WebSite\",\"@id\":\"https:\\\/\\\/hospiz-elias.de\\\/#website\",\"url\":\"https:\\\/\\\/hospiz-elias.de\\\/\",\"name\":\"Hospiz Elias\",\"description\":\"\",\"potentialAction\":[{\"@type\":\"SearchAction\",\"target\":{\"@type\":\"EntryPoint\",\"urlTemplate\":\"https:\\\/\\\/hospiz-elias.de\\\/?s={search_term_string}\"},\"query-input\":{\"@type\":\"PropertyValueSpecification\",\"valueRequired\":true,\"valueName\":\"search_term_string\"}}],\"inLanguage\":\"tr\"}]}<\/script>\n<!-- \/ Yoast SEO plugin. -->","yoast_head_json":{"title":"Impressum - Hospiz Elias","robots":{"index":"index","follow":"follow","max-snippet":"max-snippet:-1","max-image-preview":"max-image-preview:large","max-video-preview":"max-video-preview:-1"},"canonical":"https:\/\/hospiz-elias.de\/tr\/impressum\/","og_locale":"tr_TR","og_type":"article","og_title":"Impressum - Hospiz Elias","og_url":"https:\/\/hospiz-elias.de\/tr\/impressum\/","og_site_name":"Hospiz Elias","article_modified_time":"2024-10-30T11:48:53+00:00","twitter_card":"summary_large_image","schema":{"@context":"https:\/\/schema.org","@graph":[{"@type":"WebPage","@id":"https:\/\/hospiz-elias.de\/tr\/impressum\/","url":"https:\/\/hospiz-elias.de\/tr\/impressum\/","name":"Impressum - Hospiz Elias","isPartOf":{"@id":"https:\/\/hospiz-elias.de\/#website"},"datePublished":"2024-05-02T09:06:49+00:00","dateModified":"2024-10-30T11:48:53+00:00","breadcrumb":{"@id":"https:\/\/hospiz-elias.de\/tr\/impressum\/#breadcrumb"},"inLanguage":"tr","potentialAction":[{"@type":"ReadAction","target":["https:\/\/hospiz-elias.de\/tr\/impressum\/"]}]},{"@type":"BreadcrumbList","@id":"https:\/\/hospiz-elias.de\/tr\/impressum\/#breadcrumb","itemListElement":[{"@type":"ListItem","position":1,"name":"Startseite","item":"https:\/\/hospiz-elias.de\/"},{"@type":"ListItem","position":2,"name":"Impressum"}]},{"@type":"WebSite","@id":"https:\/\/hospiz-elias.de\/#website","url":"https:\/\/hospiz-elias.de\/","name":"Hospiz Elias","description":"","potentialAction":[{"@type":"SearchAction","target":{"@type":"EntryPoint","urlTemplate":"https:\/\/hospiz-elias.de\/?s={search_term_string}"},"query-input":{"@type":"PropertyValueSpecification","valueRequired":true,"valueName":"search_term_string"}}],"inLanguage":"tr"}]}},"_links":{"self":[{"href":"https:\/\/hospiz-elias.de\/tr\/wp-json\/wp\/v2\/pages\/2563","targetHints":{"allow":["GET"]}}],"collection":[{"href":"https:\/\/hospiz-elias.de\/tr\/wp-json\/wp\/v2\/pages"}],"about":[{"href":"https:\/\/hospiz-elias.de\/tr\/wp-json\/wp\/v2\/types\/page"}],"author":[{"embeddable":true,"href":"https:\/\/hospiz-elias.de\/tr\/wp-json\/wp\/v2\/users\/1"}],"replies":[{"embeddable":true,"href":"https:\/\/hospiz-elias.de\/tr\/wp-json\/wp\/v2\/comments?post=2563"}],"version-history":[{"count":1,"href":"https:\/\/hospiz-elias.de\/tr\/wp-json\/wp\/v2\/pages\/2563\/revisions"}],"predecessor-version":[{"id":2564,"href":"https:\/\/hospiz-elias.de\/tr\/wp-json\/wp\/v2\/pages\/2563\/revisions\/2564"}],"wp:attachment":[{"href":"https:\/\/hospiz-elias.de\/tr\/wp-json\/wp\/v2\/media?parent=2563"}],"curies":[{"name":"wp","href":"https:\/\/api.w.org\/{rel}","templated":true}]}}